{"id":5331,"date":"2025-07-29T07:25:27","date_gmt":"2025-07-29T07:25:27","guid":{"rendered":"https:\/\/desalvatoreconsulting.ch\/formation-a-la-gestion-qhse\/"},"modified":"2026-01-19T06:13:14","modified_gmt":"2026-01-19T06:13:14","slug":"formation-pour-entreprises","status":"publish","type":"page","link":"https:\/\/desalvatoreconsulting.ch\/fr\/formation-pour-entreprises\/","title":{"rendered":"Formation pour les entreprises"},"content":{"rendered":"\t\t<div data-elementor-type=\"wp-page\" data-elementor-id=\"5331\" class=\"elementor elementor-5331 elementor-4979\" data-elementor-post-type=\"page\">\n\t\t\t\t<div class=\"elementor-element elementor-element-c2e754c e-flex e-con-boxed e-con e-parent\" data-id=\"c2e754c\" data-element_type=\"container\" data-settings=\"{&quot;background_background&quot;:&quot;classic&quot;}\">\n\t\t\t\t\t<div class=\"e-con-inner\">\n\t\t\t\t<div class=\"elementor-element elementor-element-1f7e99b elementor-widget__width-initial elementor-widget elementor-widget-heading\" data-id=\"1f7e99b\" data-element_type=\"widget\" data-widget_type=\"heading.default\">\n\t\t\t\t<div class=\"elementor-widget-container\">\n\t\t\t\t\t<h1 class=\"elementor-heading-title elementor-size-default\">Formation \u00e0 la gestion QHSE<\/h1>\t\t\t\t<\/div>\n\t\t\t\t<\/div>\n\t\t\t\t<div class=\"elementor-element elementor-element-f9cec04 elementor-widget__width-initial elementor-widget elementor-widget-text-editor\" data-id=\"f9cec04\" data-element_type=\"widget\" data-widget_type=\"text-editor.default\">\n\t\t\t\t<div class=\"elementor-widget-container\">\n\t\t\t\t\t\t\t\t\t<p>Donner \u00e0 votre \u00e9quipe des comp\u00e9tences et des connaissances pratiques en mati\u00e8re de gestion de la qualit\u00e9, de la sant\u00e9, de la s\u00e9curit\u00e9 et de l&rsquo;environnement.<\/p>\t\t\t\t\t\t\t\t<\/div>\n\t\t\t\t<\/div>\n\t\t\t\t<div class=\"elementor-element elementor-element-d1d82eb elementor-widget__width-inherit elementor-absolute elementor-view-default elementor-widget elementor-widget-icon\" data-id=\"d1d82eb\" data-element_type=\"widget\" data-settings=\"{&quot;_position&quot;:&quot;absolute&quot;}\" data-widget_type=\"icon.default\">\n\t\t\t\t<div class=\"elementor-widget-container\">\n\t\t\t\t\t\t\t<div class=\"elementor-icon-wrapper\">\n\t\t\t<a class=\"elementor-icon\" href=\"#next\">\n\t\t\t<svg aria-hidden=\"true\" class=\"e-font-icon-svg e-fas-chevron-circle-down\" viewBox=\"0 0 512 512\" xmlns=\"http:\/\/www.w3.org\/2000\/svg\"><path d=\"M504 256c0 137-111 248-248 248S8 393 8 256 119 8 256 8s248 111 248 248zM273 369.9l135.5-135.5c9.4-9.4 9.4-24.6 0-33.9l-17-17c-9.4-9.4-24.6-9.4-33.9 0L256 285.1 154.4 183.5c-9.4-9.4-24.6-9.4-33.9 0l-17 17c-9.4 9.4-9.4 24.6 0 33.9L239 369.9c9.4 9.4 24.6 9.4 34 0z\"><\/path><\/svg>\t\t\t<\/a>\n\t\t<\/div>\n\t\t\t\t\t\t<\/div>\n\t\t\t\t<\/div>\n\t\t\t\t\t<\/div>\n\t\t\t\t<\/div>\n\t\t<div class=\"elementor-element elementor-element-623e5a7 e-flex e-con-boxed e-con e-parent\" data-id=\"623e5a7\" data-element_type=\"container\">\n\t\t\t\t\t<div class=\"e-con-inner\">\n\t\t<div class=\"elementor-element elementor-element-f2bb8ea e-con-full e-flex e-con e-child\" data-id=\"f2bb8ea\" data-element_type=\"container\">\n\t\t<div class=\"elementor-element elementor-element-850b5a2 e-con-full e-flex e-con e-child\" data-id=\"850b5a2\" data-element_type=\"container\">\n\t\t\t\t<div class=\"elementor-element elementor-element-2ee3d4b elementor-widget elementor-widget-heading\" data-id=\"2ee3d4b\" data-element_type=\"widget\" data-widget_type=\"heading.default\">\n\t\t\t\t<div class=\"elementor-widget-container\">\n\t\t\t\t\t<h2 class=\"elementor-heading-title elementor-size-default\">Donnez \u00e0 votre \u00e9quipe les moyens d'agir gr\u00e2ce \u00e0 la formation d'experts<\/h2>\t\t\t\t<\/div>\n\t\t\t\t<\/div>\n\t\t\t\t<div class=\"elementor-element elementor-element-3f65852 elementor-widget elementor-widget-text-editor\" data-id=\"3f65852\" data-element_type=\"widget\" data-widget_type=\"text-editor.default\">\n\t\t\t\t<div class=\"elementor-widget-container\">\n\t\t\t\t\t\t\t\t\t<p data-start=\"1637\" data-end=\"1982\">Nous proposons des programmes de formation sur mesure pour votre \u00e9quipe, ax\u00e9s sur la qualit\u00e9 (ISO 9001:2015), la sant\u00e9 et la s\u00e9curit\u00e9 au travail (ISO 45001:2015), le management environnemental (ISO 14001:2018) et les normes d&rsquo;apprentissage tout au long de la vie telles que la norme de qualit\u00e9 eduQua:2021.<\/p>\t\t\t\t\t\t\t\t<\/div>\n\t\t\t\t<\/div>\n\t\t\t\t<div class=\"elementor-element elementor-element-c65a19a elementor-widget elementor-widget-heading\" data-id=\"c65a19a\" data-element_type=\"widget\" data-widget_type=\"heading.default\">\n\t\t\t\t<div class=\"elementor-widget-container\">\n\t\t\t\t\t<h4 class=\"elementor-heading-title elementor-size-default\">Notre formation aide votre personnel :<\/h4>\t\t\t\t<\/div>\n\t\t\t\t<\/div>\n\t\t\t\t<div class=\"elementor-element elementor-element-34f1379 elementor-icon-list--layout-traditional elementor-list-item-link-full_width elementor-widget elementor-widget-icon-list\" data-id=\"34f1379\" data-element_type=\"widget\" data-widget_type=\"icon-list.default\">\n\t\t\t\t<div class=\"elementor-widget-container\">\n\t\t\t\t\t\t\t<ul class=\"elementor-icon-list-items\">\n\t\t\t\t\t\t\t<li class=\"elementor-icon-list-item\">\n\t\t\t\t\t\t\t\t\t\t\t<span class=\"elementor-icon-list-icon\">\n\t\t\t\t\t\t\t<svg aria-hidden=\"true\" class=\"e-font-icon-svg e-fas-circle\" viewBox=\"0 0 512 512\" xmlns=\"http:\/\/www.w3.org\/2000\/svg\"><path d=\"M256 8C119 8 8 119 8 256s111 248 248 248 248-111 248-248S393 8 256 8z\"><\/path><\/svg>\t\t\t\t\t\t<\/span>\n\t\t\t\t\t\t\t\t\t\t<span class=\"elementor-icon-list-text\">Comprendre et appliquer les exigences r\u00e9glementaires et normatives<\/span>\n\t\t\t\t\t\t\t\t\t<\/li>\n\t\t\t\t\t\t\t\t<li class=\"elementor-icon-list-item\">\n\t\t\t\t\t\t\t\t\t\t\t<span class=\"elementor-icon-list-icon\">\n\t\t\t\t\t\t\t<svg aria-hidden=\"true\" class=\"e-font-icon-svg e-fas-circle\" viewBox=\"0 0 512 512\" xmlns=\"http:\/\/www.w3.org\/2000\/svg\"><path d=\"M256 8C119 8 8 119 8 256s111 248 248 248 248-111 248-248S393 8 256 8z\"><\/path><\/svg>\t\t\t\t\t\t<\/span>\n\t\t\t\t\t\t\t\t\t\t<span class=\"elementor-icon-list-text\">D\u00e9velopper des comp\u00e9tences pratiques pour la gestion quotidienne<\/span>\n\t\t\t\t\t\t\t\t\t<\/li>\n\t\t\t\t\t\t\t\t<li class=\"elementor-icon-list-item\">\n\t\t\t\t\t\t\t\t\t\t\t<span class=\"elementor-icon-list-icon\">\n\t\t\t\t\t\t\t<svg aria-hidden=\"true\" class=\"e-font-icon-svg e-fas-circle\" viewBox=\"0 0 512 512\" xmlns=\"http:\/\/www.w3.org\/2000\/svg\"><path d=\"M256 8C119 8 8 119 8 256s111 248 248 248 248-111 248-248S393 8 256 8z\"><\/path><\/svg>\t\t\t\t\t\t<\/span>\n\t\t\t\t\t\t\t\t\t\t<span class=\"elementor-icon-list-text\">Soutenir les audits internes et l'am\u00e9lioration continue<\/span>\n\t\t\t\t\t\t\t\t\t<\/li>\n\t\t\t\t\t\t\t\t<li class=\"elementor-icon-list-item\">\n\t\t\t\t\t\t\t\t\t\t\t<span class=\"elementor-icon-list-icon\">\n\t\t\t\t\t\t\t<svg aria-hidden=\"true\" class=\"e-font-icon-svg e-fas-circle\" viewBox=\"0 0 512 512\" xmlns=\"http:\/\/www.w3.org\/2000\/svg\"><path d=\"M256 8C119 8 8 119 8 256s111 248 248 248 248-111 248-248S393 8 256 8z\"><\/path><\/svg>\t\t\t\t\t\t<\/span>\n\t\t\t\t\t\t\t\t\t\t<span class=\"elementor-icon-list-text\">Renforcer la culture de la responsabilit\u00e9, de la s\u00e9curit\u00e9 et de la durabilit\u00e9 au sein de l'entreprise<\/span>\n\t\t\t\t\t\t\t\t\t<\/li>\n\t\t\t\t\t\t<\/ul>\n\t\t\t\t\t\t<\/div>\n\t\t\t\t<\/div>\n\t\t\t\t<div class=\"elementor-element elementor-element-0ec53df elementor-widget elementor-widget-text-editor\" data-id=\"0ec53df\" data-element_type=\"widget\" data-widget_type=\"text-editor.default\">\n\t\t\t\t<div class=\"elementor-widget-container\">\n\t\t\t\t\t\t\t\t\t<p>Nos programmes permettent \u00e0 votre \u00e9quipe de g\u00e9rer les syst\u00e8mes QHSE de mani\u00e8re efficace et en toute conformit\u00e9.<\/p>\t\t\t\t\t\t\t\t<\/div>\n\t\t\t\t<\/div>\n\t\t\t\t<\/div>\n\t\t<div class=\"elementor-element elementor-element-942e935 e-con-full e-flex e-con e-child\" data-id=\"942e935\" data-element_type=\"container\">\n\t\t\t\t<div class=\"elementor-element elementor-element-8e01622 elementor-widget elementor-widget-image\" data-id=\"8e01622\" data-element_type=\"widget\" data-widget_type=\"image.default\">\n\t\t\t\t<div class=\"elementor-widget-container\">\n\t\t\t\t\t\t\t\t\t\t\t\t\t\t\t<img fetchpriority=\"high\" decoding=\"async\" width=\"2560\" height=\"1638\" src=\"https:\/\/desalvatoreconsulting.ch\/wp-content\/uploads\/2025\/07\/TRAINING-QHSE-2-small-picture-scaled.jpg\" class=\"attachment-full size-full wp-image-5263\" alt=\"\" srcset=\"https:\/\/desalvatoreconsulting.ch\/wp-content\/uploads\/2025\/07\/TRAINING-QHSE-2-small-picture-scaled.jpg 2560w, https:\/\/desalvatoreconsulting.ch\/wp-content\/uploads\/2025\/07\/TRAINING-QHSE-2-small-picture-300x192.jpg 300w, https:\/\/desalvatoreconsulting.ch\/wp-content\/uploads\/2025\/07\/TRAINING-QHSE-2-small-picture-1024x655.jpg 1024w, https:\/\/desalvatoreconsulting.ch\/wp-content\/uploads\/2025\/07\/TRAINING-QHSE-2-small-picture-768x492.jpg 768w, https:\/\/desalvatoreconsulting.ch\/wp-content\/uploads\/2025\/07\/TRAINING-QHSE-2-small-picture-1536x983.jpg 1536w, https:\/\/desalvatoreconsulting.ch\/wp-content\/uploads\/2025\/07\/TRAINING-QHSE-2-small-picture-2048x1311.jpg 2048w\" sizes=\"(max-width: 2560px) 100vw, 2560px\" \/>\t\t\t\t\t\t\t\t\t\t\t\t\t\t\t<\/div>\n\t\t\t\t<\/div>\n\t\t\t\t<\/div>\n\t\t\t\t<\/div>\n\t\t\t\t<div class=\"elementor-element elementor-element-d637c59 elementor-widget__width-inherit elementor-view-default elementor-widget elementor-widget-icon\" data-id=\"d637c59\" data-element_type=\"widget\" data-widget_type=\"icon.default\">\n\t\t\t\t<div class=\"elementor-widget-container\">\n\t\t\t\t\t\t\t<div class=\"elementor-icon-wrapper\">\n\t\t\t<a class=\"elementor-icon\" href=\"#nextfooter\">\n\t\t\t<svg aria-hidden=\"true\" class=\"e-font-icon-svg e-fas-chevron-circle-down\" viewBox=\"0 0 512 512\" xmlns=\"http:\/\/www.w3.org\/2000\/svg\"><path d=\"M504 256c0 137-111 248-248 248S8 393 8 256 119 8 256 8s248 111 248 248zM273 369.9l135.5-135.5c9.4-9.4 9.4-24.6 0-33.9l-17-17c-9.4-9.4-24.6-9.4-33.9 0L256 285.1 154.4 183.5c-9.4-9.4-24.6-9.4-33.9 0l-17 17c-9.4 9.4-9.4 24.6 0 33.9L239 369.9c9.4 9.4 24.6 9.4 34 0z\"><\/path><\/svg>\t\t\t<\/a>\n\t\t<\/div>\n\t\t\t\t\t\t<\/div>\n\t\t\t\t<\/div>\n\t\t\t\t\t<\/div>\n\t\t\t\t<\/div>\n\t\t\t\t<\/div>\n\t\t","protected":false},"excerpt":{"rendered":"<p>Formation \u00e0 la gestion QHSE Donner \u00e0 votre \u00e9quipe des comp\u00e9tences et des connaissances pratiques en mati\u00e8re de gestion de la qualit\u00e9, de la sant\u00e9, de la s\u00e9curit\u00e9 et de l&rsquo;environnement. Donnez \u00e0 votre \u00e9quipe les moyens d&rsquo;agir gr\u00e2ce \u00e0 la formation d&rsquo;experts Nous proposons des programmes de formation sur mesure pour votre \u00e9quipe, ax\u00e9s [&hellip;]<\/p>\n","protected":false},"author":7,"featured_media":774,"parent":0,"menu_order":0,"comment_status":"closed","ping_status":"closed","template":"elementor_header_footer","meta":{"footnotes":""},"class_list":["post-5331","page","type-page","status-publish","has-post-thumbnail","hentry"],"_links":{"self":[{"href":"https:\/\/desalvatoreconsulting.ch\/fr\/wp-json\/wp\/v2\/pages\/5331","targetHints":{"allow":["GET"]}}],"collection":[{"href":"https:\/\/desalvatoreconsulting.ch\/fr\/wp-json\/wp\/v2\/pages"}],"about":[{"href":"https:\/\/desalvatoreconsulting.ch\/fr\/wp-json\/wp\/v2\/types\/page"}],"author":[{"embeddable":true,"href":"https:\/\/desalvatoreconsulting.ch\/fr\/wp-json\/wp\/v2\/users\/7"}],"replies":[{"embeddable":true,"href":"https:\/\/desalvatoreconsulting.ch\/fr\/wp-json\/wp\/v2\/comments?post=5331"}],"version-history":[{"count":3,"href":"https:\/\/desalvatoreconsulting.ch\/fr\/wp-json\/wp\/v2\/pages\/5331\/revisions"}],"predecessor-version":[{"id":5810,"href":"https:\/\/desalvatoreconsulting.ch\/fr\/wp-json\/wp\/v2\/pages\/5331\/revisions\/5810"}],"wp:featuredmedia":[{"embeddable":true,"href":"https:\/\/desalvatoreconsulting.ch\/fr\/wp-json\/wp\/v2\/media\/774"}],"wp:attachment":[{"href":"https:\/\/desalvatoreconsulting.ch\/fr\/wp-json\/wp\/v2\/media?parent=5331"}],"curies":[{"name":"wp","href":"https:\/\/api.w.org\/{rel}","templated":true}]}}