{"id":5333,"date":"2025-07-29T07:15:16","date_gmt":"2025-07-29T07:15:16","guid":{"rendered":"https:\/\/desalvatoreconsulting.ch\/soutien-a-la-certification-iso\/"},"modified":"2026-01-19T06:13:10","modified_gmt":"2026-01-19T06:13:10","slug":"certification-iso-450012023","status":"publish","type":"page","link":"https:\/\/desalvatoreconsulting.ch\/fr\/certification-iso-450012023\/","title":{"rendered":"Certification ISO 45001:2023"},"content":{"rendered":"\t\t<div data-elementor-type=\"wp-page\" data-elementor-id=\"5333\" class=\"elementor elementor-5333 elementor-4961\" data-elementor-post-type=\"page\">\n\t\t\t\t<div class=\"elementor-element elementor-element-239aeda e-flex e-con-boxed e-con e-parent\" data-id=\"239aeda\" data-element_type=\"container\" data-settings=\"{&quot;background_background&quot;:&quot;classic&quot;}\">\n\t\t\t\t\t<div class=\"e-con-inner\">\n\t\t\t\t<div class=\"elementor-element elementor-element-c3f7cff elementor-widget__width-initial elementor-widget elementor-widget-heading\" data-id=\"c3f7cff\" data-element_type=\"widget\" data-widget_type=\"heading.default\">\n\t\t\t\t<div class=\"elementor-widget-container\">\n\t\t\t\t\t<h1 class=\"elementor-heading-title elementor-size-default\">Soutien aux certifications ISO<\/h1>\t\t\t\t<\/div>\n\t\t\t\t<\/div>\n\t\t\t\t<div class=\"elementor-element elementor-element-ad496c9 elementor-widget__width-inherit elementor-widget elementor-widget-text-editor\" data-id=\"ad496c9\" data-element_type=\"widget\" data-widget_type=\"text-editor.default\">\n\t\t\t\t<div class=\"elementor-widget-container\">\n\t\t\t\t\t\t\t\t\t<p>ISO 9001. ISO 14001. ISO 45001. eduQua:2021   <\/p>\t\t\t\t\t\t\t\t<\/div>\n\t\t\t\t<\/div>\n\t\t\t\t<div class=\"elementor-element elementor-element-cc190a4 elementor-widget__width-inherit elementor-absolute elementor-view-default elementor-widget elementor-widget-icon\" data-id=\"cc190a4\" data-element_type=\"widget\" data-settings=\"{&quot;_position&quot;:&quot;absolute&quot;}\" data-widget_type=\"icon.default\">\n\t\t\t\t<div class=\"elementor-widget-container\">\n\t\t\t\t\t\t\t<div class=\"elementor-icon-wrapper\">\n\t\t\t<a class=\"elementor-icon\" href=\"#next\">\n\t\t\t<svg aria-hidden=\"true\" class=\"e-font-icon-svg e-fas-chevron-circle-down\" viewBox=\"0 0 512 512\" xmlns=\"http:\/\/www.w3.org\/2000\/svg\"><path d=\"M504 256c0 137-111 248-248 248S8 393 8 256 119 8 256 8s248 111 248 248zM273 369.9l135.5-135.5c9.4-9.4 9.4-24.6 0-33.9l-17-17c-9.4-9.4-24.6-9.4-33.9 0L256 285.1 154.4 183.5c-9.4-9.4-24.6-9.4-33.9 0l-17 17c-9.4 9.4-9.4 24.6 0 33.9L239 369.9c9.4 9.4 24.6 9.4 34 0z\"><\/path><\/svg>\t\t\t<\/a>\n\t\t<\/div>\n\t\t\t\t\t\t<\/div>\n\t\t\t\t<\/div>\n\t\t\t\t\t<\/div>\n\t\t\t\t<\/div>\n\t\t<div class=\"elementor-element elementor-element-9ee80ae e-flex e-con-boxed e-con e-parent\" data-id=\"9ee80ae\" data-element_type=\"container\">\n\t\t\t\t\t<div class=\"e-con-inner\">\n\t\t<div class=\"elementor-element elementor-element-c23dca6 e-con-full e-flex e-con e-child\" data-id=\"c23dca6\" data-element_type=\"container\">\n\t\t<div class=\"elementor-element elementor-element-73c62ef e-con-full e-flex e-con e-child\" data-id=\"73c62ef\" data-element_type=\"container\">\n\t\t\t\t<div class=\"elementor-element elementor-element-280f926 elementor-widget elementor-widget-heading\" data-id=\"280f926\" data-element_type=\"widget\" data-widget_type=\"heading.default\">\n\t\t\t\t<div class=\"elementor-widget-container\">\n\t\t\t\t\t<h2 class=\"elementor-heading-title elementor-size-default\">Votre chemin vers la certification ISO et eduQua<\/h2>\t\t\t\t<\/div>\n\t\t\t\t<\/div>\n\t\t\t\t<div class=\"elementor-element elementor-element-fc2f114 elementor-widget elementor-widget-text-editor\" data-id=\"fc2f114\" data-element_type=\"widget\" data-widget_type=\"text-editor.default\">\n\t\t\t\t<div class=\"elementor-widget-container\">\n\t\t\t\t\t\t\t\t\t<p>Nous aidons les organisations \u00e0 mettre en \u0153uvre et \u00e0 certifier les principales normes de gestion afin d&rsquo;am\u00e9liorer la qualit\u00e9, les performances environnementales, la s\u00e9curit\u00e9 sur le lieu de travail et l&rsquo;\u00e9ducation des adultes.<\/p><p>ISO 9001:2015 est la norme internationale pour les syst\u00e8mes de gestion de la qualit\u00e9, qui aide les entreprises \u00e0 r\u00e9pondre aux attentes des clients et \u00e0 favoriser l&rsquo;am\u00e9lioration continue.<\/p><p>La norme ISO 14001:2015 se concentre sur la gestion de l&rsquo;environnement et aide les organisations \u00e0 r\u00e9duire leur impact et \u00e0 garantir la conformit\u00e9 aux r\u00e9glementations.<\/p><p>La norme ISO 45001:2018 promeut un environnement de travail s\u00fbr et sain en pr\u00e9venant les blessures et les maladies li\u00e9es au travail.<\/p><p>La norme de qualit\u00e9 <b>eduQua:<\/b>2021 est la certification suisse pour les prestataires de formation pour adultes, garantissant des exp\u00e9riences d&rsquo;apprentissage transparentes et de haute qualit\u00e9.<\/p><p>Pour chaque norme, nous proposons des kits de documentation sur mesure &#8211; comprenant des proc\u00e9dures types, des mod\u00e8les et des listes de contr\u00f4le &#8211; con\u00e7us pour r\u00e9pondre \u00e0 vos besoins sp\u00e9cifiques de mani\u00e8re rapide et efficace.<\/p>\t\t\t\t\t\t\t\t<\/div>\n\t\t\t\t<\/div>\n\t\t\t\t<\/div>\n\t\t<div class=\"elementor-element elementor-element-b8390c0 e-con-full e-flex e-con e-child\" data-id=\"b8390c0\" data-element_type=\"container\">\n\t\t\t\t<div class=\"elementor-element elementor-element-19829e0 elementor-widget elementor-widget-image\" data-id=\"19829e0\" data-element_type=\"widget\" data-widget_type=\"image.default\">\n\t\t\t\t<div class=\"elementor-widget-container\">\n\t\t\t\t\t\t\t\t\t\t\t\t\t\t\t<img fetchpriority=\"high\" decoding=\"async\" width=\"2560\" height=\"1707\" src=\"https:\/\/desalvatoreconsulting.ch\/wp-content\/uploads\/2025\/07\/ISO-CERTIFICATION-SUPPORT-2-scaled.jpg\" class=\"attachment-full size-full wp-image-5287\" alt=\"\" srcset=\"https:\/\/desalvatoreconsulting.ch\/wp-content\/uploads\/2025\/07\/ISO-CERTIFICATION-SUPPORT-2-scaled.jpg 2560w, https:\/\/desalvatoreconsulting.ch\/wp-content\/uploads\/2025\/07\/ISO-CERTIFICATION-SUPPORT-2-300x200.jpg 300w, https:\/\/desalvatoreconsulting.ch\/wp-content\/uploads\/2025\/07\/ISO-CERTIFICATION-SUPPORT-2-1024x683.jpg 1024w, https:\/\/desalvatoreconsulting.ch\/wp-content\/uploads\/2025\/07\/ISO-CERTIFICATION-SUPPORT-2-768x512.jpg 768w, https:\/\/desalvatoreconsulting.ch\/wp-content\/uploads\/2025\/07\/ISO-CERTIFICATION-SUPPORT-2-1536x1024.jpg 1536w, https:\/\/desalvatoreconsulting.ch\/wp-content\/uploads\/2025\/07\/ISO-CERTIFICATION-SUPPORT-2-2048x1365.jpg 2048w\" sizes=\"(max-width: 2560px) 100vw, 2560px\" \/>\t\t\t\t\t\t\t\t\t\t\t\t\t\t\t<\/div>\n\t\t\t\t<\/div>\n\t\t\t\t<\/div>\n\t\t\t\t<\/div>\n\t\t\t\t<div class=\"elementor-element elementor-element-b024942 elementor-widget__width-inherit elementor-view-default elementor-widget elementor-widget-icon\" data-id=\"b024942\" data-element_type=\"widget\" data-widget_type=\"icon.default\">\n\t\t\t\t<div class=\"elementor-widget-container\">\n\t\t\t\t\t\t\t<div class=\"elementor-icon-wrapper\">\n\t\t\t<a class=\"elementor-icon\" href=\"#nextfooter\">\n\t\t\t<svg aria-hidden=\"true\" class=\"e-font-icon-svg e-fas-chevron-circle-down\" viewBox=\"0 0 512 512\" xmlns=\"http:\/\/www.w3.org\/2000\/svg\"><path d=\"M504 256c0 137-111 248-248 248S8 393 8 256 119 8 256 8s248 111 248 248zM273 369.9l135.5-135.5c9.4-9.4 9.4-24.6 0-33.9l-17-17c-9.4-9.4-24.6-9.4-33.9 0L256 285.1 154.4 183.5c-9.4-9.4-24.6-9.4-33.9 0l-17 17c-9.4 9.4-9.4 24.6 0 33.9L239 369.9c9.4 9.4 24.6 9.4 34 0z\"><\/path><\/svg>\t\t\t<\/a>\n\t\t<\/div>\n\t\t\t\t\t\t<\/div>\n\t\t\t\t<\/div>\n\t\t\t\t\t<\/div>\n\t\t\t\t<\/div>\n\t\t\t\t<\/div>\n\t\t","protected":false},"excerpt":{"rendered":"<p>Soutien aux certifications ISO ISO 9001. ISO 14001. ISO 45001. eduQua:2021 Votre chemin vers la certification ISO et eduQua Nous aidons les organisations \u00e0 mettre en \u0153uvre et \u00e0 certifier les principales normes de gestion afin d&rsquo;am\u00e9liorer la qualit\u00e9, les performances environnementales, la s\u00e9curit\u00e9 sur le lieu de travail et l&rsquo;\u00e9ducation des adultes. ISO 9001:2015 [&hellip;]<\/p>\n","protected":false},"author":7,"featured_media":0,"parent":0,"menu_order":0,"comment_status":"closed","ping_status":"closed","template":"elementor_header_footer","meta":{"footnotes":""},"class_list":["post-5333","page","type-page","status-publish","hentry"],"_links":{"self":[{"href":"https:\/\/desalvatoreconsulting.ch\/fr\/wp-json\/wp\/v2\/pages\/5333","targetHints":{"allow":["GET"]}}],"collection":[{"href":"https:\/\/desalvatoreconsulting.ch\/fr\/wp-json\/wp\/v2\/pages"}],"about":[{"href":"https:\/\/desalvatoreconsulting.ch\/fr\/wp-json\/wp\/v2\/types\/page"}],"author":[{"embeddable":true,"href":"https:\/\/desalvatoreconsulting.ch\/fr\/wp-json\/wp\/v2\/users\/7"}],"replies":[{"embeddable":true,"href":"https:\/\/desalvatoreconsulting.ch\/fr\/wp-json\/wp\/v2\/comments?post=5333"}],"version-history":[{"count":4,"href":"https:\/\/desalvatoreconsulting.ch\/fr\/wp-json\/wp\/v2\/pages\/5333\/revisions"}],"predecessor-version":[{"id":5809,"href":"https:\/\/desalvatoreconsulting.ch\/fr\/wp-json\/wp\/v2\/pages\/5333\/revisions\/5809"}],"wp:attachment":[{"href":"https:\/\/desalvatoreconsulting.ch\/fr\/wp-json\/wp\/v2\/media?parent=5333"}],"curies":[{"name":"wp","href":"https:\/\/api.w.org\/{rel}","templated":true}]}}