{"id":5606,"date":"2025-09-06T14:12:51","date_gmt":"2025-09-06T14:12:51","guid":{"rendered":"https:\/\/desalvatoreconsulting.ch\/entreprise\/"},"modified":"2025-09-06T17:34:00","modified_gmt":"2025-09-06T17:34:00","slug":"entreprise","status":"publish","type":"page","link":"https:\/\/desalvatoreconsulting.ch\/fr\/entreprise\/","title":{"rendered":"Entreprise"},"content":{"rendered":"\t\t<div data-elementor-type=\"wp-page\" data-elementor-id=\"5606\" class=\"elementor elementor-5606 elementor-5594\" data-elementor-post-type=\"page\">\n\t\t\t\t<div class=\"elementor-element elementor-element-5d8fb42 e-flex e-con-boxed e-con e-parent\" data-id=\"5d8fb42\" data-element_type=\"container\" data-settings=\"{&quot;background_background&quot;:&quot;video&quot;,&quot;background_video_link&quot;:&quot;https:\\\/\\\/youtu.be\\\/Ivwuimnf7KE?si=JSIS2v1PQxeodrYj&quot;,&quot;background_play_on_mobile&quot;:&quot;yes&quot;,&quot;background_privacy_mode&quot;:&quot;yes&quot;}\">\n\t\t\t\t\t<div class=\"e-con-inner\">\n\t\t<div class=\"elementor-background-video-container\">\n\t\t\t\t\t\t\t<div class=\"elementor-background-video-embed\" role=\"presentation\"><\/div>\n\t\t\t\t\t\t<\/div>\t\t<div class=\"elementor-element elementor-element-dc0e190 elementor-widget__width-inherit elementor-widget elementor-widget-heading\" data-id=\"dc0e190\" data-element_type=\"widget\" data-widget_type=\"heading.default\">\n\t\t\t\t<div class=\"elementor-widget-container\">\n\t\t\t\t\t<h2 class=\"elementor-heading-title elementor-size-default\">Votre partenaire de confiance<\/h2>\t\t\t\t<\/div>\n\t\t\t\t<\/div>\n\t\t\t\t<div class=\"elementor-element elementor-element-4d27e79 elementor-widget__width-inherit elementor-widget elementor-widget-text-editor\" data-id=\"4d27e79\" data-element_type=\"widget\" data-widget_type=\"text-editor.default\">\n\t\t\t\t<div class=\"elementor-widget-container\">\n\t\t\t\t\t\t\t\t\t<p><strong>D\u00e9couvrez De Salvatore Consulting GmbH. Votre partenaire de confiance pour des services de conseil professionnels.<\/strong><\/p>\t\t\t\t\t\t\t\t<\/div>\n\t\t\t\t<\/div>\n\t\t\t\t\t<\/div>\n\t\t\t\t<\/div>\n\t\t<div class=\"elementor-element elementor-element-42f3eca e-flex e-con-boxed e-con e-parent\" data-id=\"42f3eca\" data-element_type=\"container\">\n\t\t\t\t\t<div class=\"e-con-inner\">\n\t\t\t\t<div class=\"elementor-element elementor-element-8063913 elementor-widget__width-auto elementor-view-default elementor-widget elementor-widget-icon\" data-id=\"8063913\" data-element_type=\"widget\" data-widget_type=\"icon.default\">\n\t\t\t\t<div class=\"elementor-widget-container\">\n\t\t\t\t\t\t\t<div class=\"elementor-icon-wrapper\">\n\t\t\t<a class=\"elementor-icon\" href=\"#next\">\n\t\t\t<svg aria-hidden=\"true\" class=\"e-font-icon-svg e-fas-chevron-circle-down\" viewBox=\"0 0 512 512\" xmlns=\"http:\/\/www.w3.org\/2000\/svg\"><path d=\"M504 256c0 137-111 248-248 248S8 393 8 256 119 8 256 8s248 111 248 248zM273 369.9l135.5-135.5c9.4-9.4 9.4-24.6 0-33.9l-17-17c-9.4-9.4-24.6-9.4-33.9 0L256 285.1 154.4 183.5c-9.4-9.4-24.6-9.4-33.9 0l-17 17c-9.4 9.4-9.4 24.6 0 33.9L239 369.9c9.4 9.4 24.6 9.4 34 0z\"><\/path><\/svg>\t\t\t<\/a>\n\t\t<\/div>\n\t\t\t\t\t\t<\/div>\n\t\t\t\t<\/div>\n\t\t<div class=\"elementor-element elementor-element-5a5a633 e-con-full e-flex e-con e-child\" data-id=\"5a5a633\" data-element_type=\"container\">\n\t\t<div class=\"elementor-element elementor-element-e2b8de7 e-con-full e-flex e-con e-child\" data-id=\"e2b8de7\" data-element_type=\"container\">\n\t\t\t\t<div class=\"elementor-element elementor-element-ad4e462 elementor-widget elementor-widget-text-editor\" data-id=\"ad4e462\" data-element_type=\"widget\" data-widget_type=\"text-editor.default\">\n\t\t\t\t<div class=\"elementor-widget-container\">\n\t\t\t\t\t\t\t\t\t<p><strong data-start=\"221\" data-end=\"253\">De Salvatore Consulting GmbH<\/strong> est synonyme d&rsquo;excellence et de professionnalisme dans le domaine du conseil aux entreprises, avec un accent particulier sur la gestion de l&rsquo;environnement, de la qualit\u00e9 et de la sant\u00e9 et s\u00e9curit\u00e9 au travail, ainsi que sur la pr\u00e9paration aux certifications ISO et eduQua 2021. Nous fournissons des solutions sur mesure qui r\u00e9pondent aux besoins sp\u00e9cifiques de chaque client, en combinant une vision strat\u00e9gique et une approche ax\u00e9e sur les r\u00e9sultats.<\/p>\t\t\t\t\t\t\t\t<\/div>\n\t\t\t\t<\/div>\n\t\t\t\t<div class=\"elementor-element elementor-element-8d17738 elementor-position-inline-start elementor-mobile-position-inline-start elementor-view-default elementor-widget elementor-widget-icon-box\" data-id=\"8d17738\" data-element_type=\"widget\" data-widget_type=\"icon-box.default\">\n\t\t\t\t<div class=\"elementor-widget-container\">\n\t\t\t\t\t\t\t<div class=\"elementor-icon-box-wrapper\">\n\n\t\t\t\t\t\t<div class=\"elementor-icon-box-icon\">\n\t\t\t\t<span  class=\"elementor-icon\">\n\t\t\t\t<svg xmlns=\"http:\/\/www.w3.org\/2000\/svg\" width=\"45\" height=\"45\" viewBox=\"0 0 45 45\" fill=\"none\"><path d=\"M15.7781 29.1937C13.5938 30.9094 12.1875 33.5719 12.1875 36.5625V39.375H6.5625C5.00625 39.375 3.75 38.1187 3.75 36.5625V34.6875C3.75 31.0594 6.68438 28.125 10.3125 28.125H12.1875C13.5188 28.125 14.7469 28.5187 15.7781 29.1937Z\" fill=\"#6F6F6F\"><\/path><path d=\"M33.75 28.125C36.08 28.125 37.9688 26.2362 37.9688 23.9062C37.9688 21.5763 36.08 19.6875 33.75 19.6875C31.42 19.6875 29.5312 21.5763 29.5312 23.9062C29.5312 26.2362 31.42 28.125 33.75 28.125Z\" fill=\"#6F6F6F\"><\/path><path d=\"M11.25 28.125C13.58 28.125 15.4688 26.2362 15.4688 23.9062C15.4688 21.5763 13.58 19.6875 11.25 19.6875C8.92005 19.6875 7.03125 21.5763 7.03125 23.9062C7.03125 26.2362 8.92005 28.125 11.25 28.125Z\" fill=\"#6F6F6F\"><\/path><path d=\"M41.2508 34.6875V36.5625C41.2508 38.1187 39.9945 39.375 38.4383 39.375H32.8133V36.5625C32.8133 33.5719 31.407 30.9094 29.2227 29.1937C30.2539 28.5187 31.482 28.125 32.8133 28.125H34.6883C38.3164 28.125 41.2508 31.0594 41.2508 34.6875Z\" fill=\"#6F6F6F\"><\/path><path d=\"M22.5 29.0625C25.3477 29.0625 27.6562 26.754 27.6562 23.9062C27.6562 21.0585 25.3477 18.75 22.5 18.75C19.6523 18.75 17.3438 21.0585 17.3438 23.9062C17.3438 26.754 19.6523 29.0625 22.5 29.0625Z\" fill=\"#6F6F6F\"><\/path><path d=\"M23.4375 29.0625H21.5625C17.4272 29.0625 14.0625 32.4272 14.0625 36.5625V39.375C14.0625 40.9256 15.3244 42.1875 16.875 42.1875H28.125C29.6756 42.1875 30.9375 40.9256 30.9375 39.375V36.5625C30.9375 32.4272 27.5728 29.0625 23.4375 29.0625Z\" fill=\"#6F6F6F\"><\/path><path d=\"M36.0939 15.6412L33.8317 16.4456C33.1895 16.6734 32.5192 16.1869 32.538 15.5053L32.6036 13.1053L31.1392 11.2022C30.7239 10.6622 30.9798 9.87375 31.6333 9.68062L33.9367 9.00187L35.2942 7.02093C35.6795 6.45937 36.5083 6.45937 36.8936 7.02093L38.2511 9.00187L40.5545 9.68062C41.208 9.87281 41.4639 10.6622 41.0486 11.2022L39.5842 13.1053L39.6498 15.5053C39.6686 16.1859 38.9973 16.6734 38.3561 16.4456L36.0939 15.6412Z\" fill=\"#6F6F6F\"><\/path><path d=\"M8.90639 15.6412L6.64421 16.4456C6.00202 16.6734 5.33171 16.1869 5.35046 15.5053L5.41608 13.1053L3.95171 11.2022C3.53639 10.6622 3.79233 9.87375 4.44577 9.68062L6.74921 9.00187L8.10671 7.02093C8.49202 6.45937 9.32077 6.45937 9.70608 7.02093L11.0636 9.00187L13.367 9.68062C14.0205 9.87281 14.2764 10.6622 13.8611 11.2022L12.3967 13.1053L12.4623 15.5053C12.4811 16.1859 11.8098 16.6734 11.1686 16.4456L8.90639 15.6412Z\" fill=\"#6F6F6F\"><\/path><path d=\"M22.5 13.5319L19.8178 14.4853C19.0566 14.7562 18.2616 14.1778 18.2841 13.3706L18.3619 10.5253L16.6256 8.26875C16.1335 7.62843 16.4372 6.69375 17.2116 6.465L19.9425 5.65968L21.5522 3.31125C22.0088 2.64468 22.9922 2.64468 23.4488 3.31125L25.0585 5.65968L27.7894 6.465C28.5638 6.69375 28.8675 7.62843 28.3753 8.26875L26.6391 10.5253L26.7169 13.3706C26.7394 14.1778 25.9435 14.7562 25.1831 14.4853L22.5 13.5319Z\" fill=\"#6F6F6F\"><\/path><\/svg>\t\t\t\t<\/span>\n\t\t\t<\/div>\n\t\t\t\n\t\t\t\t\t\t<div class=\"elementor-icon-box-content\">\n\n\t\t\t\t\t\t\t\t\t<h5 class=\"elementor-icon-box-title\">\n\t\t\t\t\t\t<span  >\n\t\t\t\t\t\t\tExpertise\t\t\t\t\t\t<\/span>\n\t\t\t\t\t<\/h5>\n\t\t\t\t\n\t\t\t\t\t\t\t\t\t<p class=\"elementor-icon-box-description\">\n\t\t\t\t\t\tGr\u00e2ce \u00e0 notre connaissance approfondie de la r\u00e9glementation et \u00e0 notre vaste exp\u00e9rience dans divers secteurs, nous aidons les organisations \u00e0 mettre en \u0153uvre et \u00e0 am\u00e9liorer continuellement leurs syst\u00e8mes de gestion conform\u00e9ment aux normes internationales telles que ISO 9001, ISO 14001, ISO 45001, etc.<br>Notre mission est d'aider les entreprises \u00e0 optimiser leurs processus, \u00e0 r\u00e9duire les risques, \u00e0 am\u00e9liorer leurs performances et \u00e0 garantir leur conformit\u00e9, tout en favorisant le d\u00e9veloppement durable.\t\t\t\t\t<\/p>\n\t\t\t\t\n\t\t\t<\/div>\n\t\t\t\n\t\t<\/div>\n\t\t\t\t\t\t<\/div>\n\t\t\t\t<\/div>\n\t\t\t\t<div class=\"elementor-element elementor-element-77da48a elementor-position-inline-start elementor-mobile-position-inline-start elementor-view-default elementor-widget elementor-widget-icon-box\" data-id=\"77da48a\" data-element_type=\"widget\" data-widget_type=\"icon-box.default\">\n\t\t\t\t<div class=\"elementor-widget-container\">\n\t\t\t\t\t\t\t<div class=\"elementor-icon-box-wrapper\">\n\n\t\t\t\t\t\t<div class=\"elementor-icon-box-icon\">\n\t\t\t\t<span  class=\"elementor-icon\">\n\t\t\t\t<svg xmlns=\"http:\/\/www.w3.org\/2000\/svg\" width=\"45\" height=\"45\" viewBox=\"0 0 45 45\" fill=\"none\"><g clip-path=\"url(#clip0_183_5479)\"><path d=\"M35.4367 2.37534C34.3171 1.32164 32.8843 0.815674 31.4403 0.815674C29.8148 0.815674 28.1732 1.45657 26.9492 2.68213L26.424 3.20738L25.8988 2.68053C24.6748 1.45657 23.0332 0.815674 21.4077 0.815674C19.9637 0.815674 18.5309 1.32164 17.4114 2.37534C14.949 4.69315 14.9056 8.57063 17.2796 10.9447L26.424 20.089L35.5684 10.9447C37.9424 8.57063 37.899 4.69315 35.4367 2.37534Z\" fill=\"#6F6F6F\"><\/path><path d=\"M44.4127 24.7455C43.0072 23.793 41.3512 24.0629 39.8847 24.9094C38.4182 25.7559 29.9983 32.9551 29.9983 32.9551L21.71 32.9567C21.3245 32.9567 20.9069 32.523 20.9069 32.1391C20.9069 31.6877 21.3004 31.336 21.71 31.336H26.7809C28.5559 31.336 30.5428 30.1795 30.5428 28.1235C30.5428 25.939 28.5559 24.911 26.7809 24.911C23.7018 24.911 23.1026 24.9238 23.1026 24.9238C21.869 24.9238 20.6178 24.8499 19.654 24.3343C18.369 23.6758 16.8881 23.3031 15.3075 23.3031C12.654 23.3031 10.2784 24.3616 8.64964 26.0305L0 34.5469L9.63748 44.1843L12.85 40.9718H29.1164C30.7355 40.9718 32.2984 40.3775 33.5079 39.303L44.5219 26.9477C45.195 26.3502 45.1564 25.2515 44.4127 24.7455Z\" fill=\"#6F6F6F\"><\/path><\/g><defs><clipPath id=\"clip0_183_5479\"><rect width=\"45\" height=\"45\" fill=\"white\"><\/rect><\/clipPath><\/defs><\/svg>\t\t\t\t<\/span>\n\t\t\t<\/div>\n\t\t\t\n\t\t\t\t\t\t<div class=\"elementor-icon-box-content\">\n\n\t\t\t\t\t\t\t\t\t<h5 class=\"elementor-icon-box-title\">\n\t\t\t\t\t\t<span  >\n\t\t\t\t\t\t\tAssistance personnalis\u00e9e\t\t\t\t\t\t<\/span>\n\t\t\t\t\t<\/h5>\n\t\t\t\t\n\t\t\t\t\t\t\t\t\t<p class=\"elementor-icon-box-description\">\n\t\t\t\t\t\tChaque client b\u00e9n\u00e9ficie d'un accompagnement personnalis\u00e9 fond\u00e9 sur la confiance, une attention m\u00e9ticuleuse aux d\u00e9tails et un engagement fort en faveur de r\u00e9sultats mesurables. Nous prenons le temps de comprendre pleinement chaque contexte commercial afin de nous assurer que nos solutions sont en ad\u00e9quation avec vos objectifs strat\u00e9giques et apportent une valeur ajout\u00e9e durable et tangible.\n\n\t\t\t\t\t<\/p>\n\t\t\t\t\n\t\t\t<\/div>\n\t\t\t\n\t\t<\/div>\n\t\t\t\t\t\t<\/div>\n\t\t\t\t<\/div>\n\t\t\t\t<\/div>\n\t\t<div class=\"elementor-element elementor-element-ea05fa2 e-con-full e-flex e-con e-child\" data-id=\"ea05fa2\" data-element_type=\"container\">\n\t\t\t\t<div class=\"elementor-element elementor-element-d009c49 elementor-widget elementor-widget-image\" data-id=\"d009c49\" data-element_type=\"widget\" data-widget_type=\"image.default\">\n\t\t\t\t<div class=\"elementor-widget-container\">\n\t\t\t\t\t\t\t\t\t\t\t\t\t\t\t<img fetchpriority=\"high\" decoding=\"async\" width=\"853\" height=\"1280\" src=\"https:\/\/desalvatoreconsulting.ch\/wp-content\/uploads\/2025\/09\/WhatsApp-Image-2025-08-12-at-13.25.32.jpeg\" class=\"attachment-full size-full wp-image-5537\" alt=\"\" srcset=\"https:\/\/desalvatoreconsulting.ch\/wp-content\/uploads\/2025\/09\/WhatsApp-Image-2025-08-12-at-13.25.32.jpeg 853w, https:\/\/desalvatoreconsulting.ch\/wp-content\/uploads\/2025\/09\/WhatsApp-Image-2025-08-12-at-13.25.32-200x300.jpeg 200w, https:\/\/desalvatoreconsulting.ch\/wp-content\/uploads\/2025\/09\/WhatsApp-Image-2025-08-12-at-13.25.32-682x1024.jpeg 682w, https:\/\/desalvatoreconsulting.ch\/wp-content\/uploads\/2025\/09\/WhatsApp-Image-2025-08-12-at-13.25.32-768x1152.jpeg 768w\" sizes=\"(max-width: 853px) 100vw, 853px\" \/>\t\t\t\t\t\t\t\t\t\t\t\t\t\t\t<\/div>\n\t\t\t\t<\/div>\n\t\t\t\t<\/div>\n\t\t\t\t<\/div>\n\t\t\t\t<div class=\"elementor-element elementor-element-ea54bda elementor-widget__width-auto elementor-view-default elementor-widget elementor-widget-icon\" data-id=\"ea54bda\" data-element_type=\"widget\" data-widget_type=\"icon.default\">\n\t\t\t\t<div class=\"elementor-widget-container\">\n\t\t\t\t\t\t\t<div class=\"elementor-icon-wrapper\">\n\t\t\t<a class=\"elementor-icon\" href=\"#next2\">\n\t\t\t<svg aria-hidden=\"true\" class=\"e-font-icon-svg e-fas-chevron-circle-down\" viewBox=\"0 0 512 512\" xmlns=\"http:\/\/www.w3.org\/2000\/svg\"><path d=\"M504 256c0 137-111 248-248 248S8 393 8 256 119 8 256 8s248 111 248 248zM273 369.9l135.5-135.5c9.4-9.4 9.4-24.6 0-33.9l-17-17c-9.4-9.4-24.6-9.4-33.9 0L256 285.1 154.4 183.5c-9.4-9.4-24.6-9.4-33.9 0l-17 17c-9.4 9.4-9.4 24.6 0 33.9L239 369.9c9.4 9.4 24.6 9.4 34 0z\"><\/path><\/svg>\t\t\t<\/a>\n\t\t<\/div>\n\t\t\t\t\t\t<\/div>\n\t\t\t\t<\/div>\n\t\t\t\t\t<\/div>\n\t\t\t\t<\/div>\n\t\t<div class=\"elementor-element elementor-element-acf66a8 e-flex e-con-boxed e-con e-parent\" data-id=\"acf66a8\" data-element_type=\"container\" data-settings=\"{&quot;background_background&quot;:&quot;classic&quot;}\">\n\t\t\t\t\t<div class=\"e-con-inner\">\n\t\t\t\t<div class=\"elementor-element elementor-element-45ceece elementor-widget__width-initial elementor-widget elementor-widget-heading\" data-id=\"45ceece\" data-element_type=\"widget\" data-widget_type=\"heading.default\">\n\t\t\t\t<div class=\"elementor-widget-container\">\n\t\t\t\t\t<h2 class=\"elementor-heading-title elementor-size-default\">Au service de toute la Suisse<\/h2>\t\t\t\t<\/div>\n\t\t\t\t<\/div>\n\t\t<div class=\"elementor-element elementor-element-6be5490 e-con-full e-flex e-con e-child\" data-id=\"6be5490\" data-element_type=\"container\">\n\t\t\t\t<div class=\"elementor-element elementor-element-ce3639c elementor-widget elementor-widget-image\" data-id=\"ce3639c\" data-element_type=\"widget\" data-widget_type=\"image.default\">\n\t\t\t\t<div class=\"elementor-widget-container\">\n\t\t\t\t\t\t\t\t\t\t\t\t\t\t\t<img decoding=\"async\" width=\"2244\" height=\"1512\" src=\"https:\/\/desalvatoreconsulting.ch\/wp-content\/uploads\/2024\/07\/Group-1000005656.png\" class=\"attachment-full size-full wp-image-1306\" alt=\"\" srcset=\"https:\/\/desalvatoreconsulting.ch\/wp-content\/uploads\/2024\/07\/Group-1000005656.png 2244w, https:\/\/desalvatoreconsulting.ch\/wp-content\/uploads\/2024\/07\/Group-1000005656-300x202.png 300w, https:\/\/desalvatoreconsulting.ch\/wp-content\/uploads\/2024\/07\/Group-1000005656-1024x690.png 1024w, https:\/\/desalvatoreconsulting.ch\/wp-content\/uploads\/2024\/07\/Group-1000005656-768x517.png 768w, https:\/\/desalvatoreconsulting.ch\/wp-content\/uploads\/2024\/07\/Group-1000005656-1536x1035.png 1536w, https:\/\/desalvatoreconsulting.ch\/wp-content\/uploads\/2024\/07\/Group-1000005656-2048x1380.png 2048w\" sizes=\"(max-width: 2244px) 100vw, 2244px\" \/>\t\t\t\t\t\t\t\t\t\t\t\t\t\t\t<\/div>\n\t\t\t\t<\/div>\n\t\t\t\t<\/div>\n\t\t\t\t<div class=\"elementor-element elementor-element-a070120 elementor-widget elementor-widget-text-editor\" data-id=\"a070120\" data-element_type=\"widget\" data-widget_type=\"text-editor.default\">\n\t\t\t\t<div class=\"elementor-widget-container\">\n\t\t\t\t\t\t\t\t\t<p>Nos services sont disponibles dans toutes les langues officielles afin de vous offrir le meilleur service possible.<\/p>\t\t\t\t\t\t\t\t<\/div>\n\t\t\t\t<\/div>\n\t\t\t\t<div class=\"elementor-element elementor-element-972f00e elementor-widget__width-auto elementor-widget elementor-widget-button\" data-id=\"972f00e\" data-element_type=\"widget\" data-widget_type=\"button.default\">\n\t\t\t\t<div class=\"elementor-widget-container\">\n\t\t\t\t\t\t\t\t\t<div class=\"elementor-button-wrapper\">\n\t\t\t\t\t<a class=\"elementor-button elementor-button-link elementor-size-sm\" href=\"https:\/\/desalvatoreconsulting.ch\/fr\/contact\/\">\n\t\t\t\t\t\t<span class=\"elementor-button-content-wrapper\">\n\t\t\t\t\t\t\t\t\t<span class=\"elementor-button-text\">Contactez-nous d\u00e8s maintenant<\/span>\n\t\t\t\t\t<\/span>\n\t\t\t\t\t<\/a>\n\t\t\t\t<\/div>\n\t\t\t\t\t\t\t\t<\/div>\n\t\t\t\t<\/div>\n\t\t\t\t<div class=\"elementor-element elementor-element-bafd95a elementor-widget__width-inherit elementor-view-default elementor-widget elementor-widget-icon\" data-id=\"bafd95a\" data-element_type=\"widget\" data-widget_type=\"icon.default\">\n\t\t\t\t<div class=\"elementor-widget-container\">\n\t\t\t\t\t\t\t<div class=\"elementor-icon-wrapper\">\n\t\t\t<a class=\"elementor-icon\" href=\"#footersection\">\n\t\t\t<svg aria-hidden=\"true\" class=\"e-font-icon-svg e-fas-chevron-circle-down\" viewBox=\"0 0 512 512\" xmlns=\"http:\/\/www.w3.org\/2000\/svg\"><path d=\"M504 256c0 137-111 248-248 248S8 393 8 256 119 8 256 8s248 111 248 248zM273 369.9l135.5-135.5c9.4-9.4 9.4-24.6 0-33.9l-17-17c-9.4-9.4-24.6-9.4-33.9 0L256 285.1 154.4 183.5c-9.4-9.4-24.6-9.4-33.9 0l-17 17c-9.4 9.4-9.4 24.6 0 33.9L239 369.9c9.4 9.4 24.6 9.4 34 0z\"><\/path><\/svg>\t\t\t<\/a>\n\t\t<\/div>\n\t\t\t\t\t\t<\/div>\n\t\t\t\t<\/div>\n\t\t\t\t\t<\/div>\n\t\t\t\t<\/div>\n\t\t\t\t<\/div>\n\t\t","protected":false},"excerpt":{"rendered":"<p>Votre partenaire de confiance D\u00e9couvrez De Salvatore Consulting GmbH. Votre partenaire de confiance pour des services de conseil professionnels. De Salvatore Consulting GmbH est synonyme d&rsquo;excellence et de professionnalisme dans le domaine du conseil aux entreprises, avec un accent particulier sur la gestion de l&rsquo;environnement, de la qualit\u00e9 et de la sant\u00e9 et s\u00e9curit\u00e9 au [&hellip;]<\/p>\n","protected":false},"author":7,"featured_media":0,"parent":0,"menu_order":0,"comment_status":"closed","ping_status":"closed","template":"elementor_header_footer","meta":{"footnotes":""},"class_list":["post-5606","page","type-page","status-publish","hentry"],"_links":{"self":[{"href":"https:\/\/desalvatoreconsulting.ch\/fr\/wp-json\/wp\/v2\/pages\/5606","targetHints":{"allow":["GET"]}}],"collection":[{"href":"https:\/\/desalvatoreconsulting.ch\/fr\/wp-json\/wp\/v2\/pages"}],"about":[{"href":"https:\/\/desalvatoreconsulting.ch\/fr\/wp-json\/wp\/v2\/types\/page"}],"author":[{"embeddable":true,"href":"https:\/\/desalvatoreconsulting.ch\/fr\/wp-json\/wp\/v2\/users\/7"}],"replies":[{"embeddable":true,"href":"https:\/\/desalvatoreconsulting.ch\/fr\/wp-json\/wp\/v2\/comments?post=5606"}],"version-history":[{"count":11,"href":"https:\/\/desalvatoreconsulting.ch\/fr\/wp-json\/wp\/v2\/pages\/5606\/revisions"}],"predecessor-version":[{"id":5642,"href":"https:\/\/desalvatoreconsulting.ch\/fr\/wp-json\/wp\/v2\/pages\/5606\/revisions\/5642"}],"wp:attachment":[{"href":"https:\/\/desalvatoreconsulting.ch\/fr\/wp-json\/wp\/v2\/media?parent=5606"}],"curies":[{"name":"wp","href":"https:\/\/api.w.org\/{rel}","templated":true}]}}